{"id":321,"date":"2013-02-04T18:06:15","date_gmt":"2013-02-04T21:06:15","guid":{"rendered":"http:\/\/argendemo.com.ar\/test1\/?page_id=321"},"modified":"2014-03-07T12:00:22","modified_gmt":"2014-03-07T14:00:22","slug":"home","status":"publish","type":"page","link":"https:\/\/hotel-americano.com.ar\/web\/home\/","title":{"rendered":"Home"},"content":{"rendered":"<h5 style=\"text-align: center;\">60 Habitaciones | Tv Color | Tel\u00e9fono DDI | Aire Acondicionado | Cocheras | Sal\u00f3n para Eventos | Bar Restaurant<br \/>\n[dt_divider style=\u00bbnarrow\u00bb\/]<\/h5>\n<div class=\"one-third dt_col\">\n<h3 style=\"text-align: justify;\"><em><span style=\"color: #333333;\">Bienveni@s a nuestro Hotel<br \/>\n<\/span><\/em><\/h3>\n<p style=\"text-align: justify;\">El Hotel Americano se encuentra en pleno centro de la ciudad de Pergamino, a pocos metros del Centro C\u00edvico, la Catedral y el Santuario de Mar\u00eda Crescencia. Asimismo, se ubica frente al Casino y tambi\u00e9n a 100 metros de las salas cinematogr\u00e1ficas y el Shopping con patio de comidas a una cuadra de la Peatonal.<br \/>\nEn nuestro Hotel se hospedan muchos clientes ligados a las empresas agropecuarias, en especial a las dedicadas a las semillas, dado que Pergamino, es Capital Nacional de la Semilla y referente en\u00a0investigaci\u00f3n a nivel nacional e internacional.<\/p>\n<\/div>\n<div class=\"one-third dt_col\">\n<h3 style=\"text-align: justify;\"><em><span style=\"color: #333333;\">Nuestra Ciudad<\/span><\/em><\/h3>\n<p><strong>Ubicaci\u00f3n geogr\u00e1fica<\/strong><br \/>\nPergamino se encuentra al norte de la Provincia de Buenos Aires \u00a0y posee una superficie de 2950 km2.<br \/>\n<strong>Limita al:<\/strong><br \/>\nNorte: Partido de Constituci\u00f3n (Provincia de Santa Fe, y el Partido de San Nicol\u00e1s (Provincia de Buenos Aires).<br \/>\nAl Este con el Partido de Ramallo (Provincia de Buenos Aires), Partido de Arrecifes (Provincia de Buenos Aires).y el Partido de Salto (Provincia de Buenos Aires).<br \/>\nSur, Partido de Rojas (Provincia de Buenos Aires).,<br \/>\nOeste Partido de Col\u00f3n (Provincia de Buenos Aires).<\/p>\n<\/div>\n<div class=\"one-third dt_col\">\n<h3 style=\"text-align: justify;\"><em><span style=\"color: #333333;\">Ubicaci\u00f3n<\/span><\/em><\/h3>\n<p><iframe loading=\"lazy\" src=\"https:\/\/maps.google.com\/maps?f=q&amp;source=s_q&amp;hl=es&amp;geocode=&amp;q=Calle+Merced+418,+pergamino&amp;aq=&amp;sll=37.0625,-95.677068&amp;sspn=56.243791,135.263672&amp;ie=UTF8&amp;hq=Calle+Merced+418,+pergamino&amp;hnear=&amp;radius=15000&amp;t=m&amp;ll=-33.89279,-60.573463&amp;spn=0.032773,0.056477&amp;z=13&amp;iwloc=&amp;output=embed\" height=\"230\" width=\"300\" frameborder=\"0\" marginwidth=\"0\" marginheight=\"0\" scrolling=\"no\"><\/iframe><\/p>\n<\/div>\n<p><a href=\"http:\/\/www.despegar.com.ar\/hoteles\/\"><img loading=\"lazy\" decoding=\"async\" class=\"alignright\" alt=\"Despegar\" src=\"http:\/\/hotel-americano.com.ar\/web\/wp-content\/uploads\/2013\/11\/despegar.gif\" width=\"219\" height=\"47\" \/><\/a><\/p>\n","protected":false},"excerpt":{"rendered":"<p>60 Habitaciones | Tv Color | Tel\u00e9fono DDI | Aire Acondicionado | Cocheras | Sal\u00f3n para Eventos | Bar Restaurant [&hellip;]<\/p>\n","protected":false},"author":1,"featured_media":0,"parent":0,"menu_order":0,"comment_status":"closed","ping_status":"closed","template":"dt-slideshow-fullwidth.php","meta":{"site-sidebar-layout":"default","site-content-layout":"","ast-site-content-layout":"default","site-content-style":"default","site-sidebar-style":"default","ast-global-header-display":"","ast-banner-title-visibility":"","ast-main-header-display":"","ast-hfb-above-header-display":"","ast-hfb-below-header-display":"","ast-hfb-mobile-header-display":"","site-post-title":"","ast-breadcrumbs-content":"","ast-featured-img":"","footer-sml-layout":"","ast-disable-related-posts":"","theme-transparent-header-meta":"","adv-header-id-meta":"","stick-header-meta":"","header-above-stick-meta":"","header-main-stick-meta":"","header-below-stick-meta":"","astra-migrate-meta-layouts":"default","ast-page-background-enabled":"default","ast-page-background-meta":{"desktop":{"background-color":"var(--ast-global-color-4)","background-image":"","background-repeat":"repeat","background-position":"center center","background-size":"auto","background-attachment":"scroll","background-type":"","background-media":"","overlay-type":"","overlay-color":"","overlay-opacity":"","overlay-gradient":""},"tablet":{"background-color":"","background-image":"","background-repeat":"repeat","background-position":"center center","background-size":"auto","background-attachment":"scroll","background-type":"","background-media":"","overlay-type":"","overlay-color":"","overlay-opacity":"","overlay-gradient":""},"mobile":{"background-color":"","background-image":"","background-repeat":"repeat","background-position":"center center","background-size":"auto","background-attachment":"scroll","background-type":"","background-media":"","overlay-type":"","overlay-color":"","overlay-opacity":"","overlay-gradient":""}},"ast-content-background-meta":{"desktop":{"background-color":"var(--ast-global-color-5)","background-image":"","background-repeat":"repeat","background-position":"center center","background-size":"auto","background-attachment":"scroll","background-type":"","background-media":"","overlay-type":"","overlay-color":"","overlay-opacity":"","overlay-gradient":""},"tablet":{"background-color":"var(--ast-global-color-5)","background-image":"","background-repeat":"repeat","background-position":"center center","background-size":"auto","background-attachment":"scroll","background-type":"","background-media":"","overlay-type":"","overlay-color":"","overlay-opacity":"","overlay-gradient":""},"mobile":{"background-color":"var(--ast-global-color-5)","background-image":"","background-repeat":"repeat","background-position":"center center","background-size":"auto","background-attachment":"scroll","background-type":"","background-media":"","overlay-type":"","overlay-color":"","overlay-opacity":"","overlay-gradient":""}},"_joinchat":[],"footnotes":""},"class_list":["post-321","page","type-page","status-publish","hentry"],"_links":{"self":[{"href":"https:\/\/hotel-americano.com.ar\/web\/wp-json\/wp\/v2\/pages\/321","targetHints":{"allow":["GET"]}}],"collection":[{"href":"https:\/\/hotel-americano.com.ar\/web\/wp-json\/wp\/v2\/pages"}],"about":[{"href":"https:\/\/hotel-americano.com.ar\/web\/wp-json\/wp\/v2\/types\/page"}],"author":[{"embeddable":true,"href":"https:\/\/hotel-americano.com.ar\/web\/wp-json\/wp\/v2\/users\/1"}],"replies":[{"embeddable":true,"href":"https:\/\/hotel-americano.com.ar\/web\/wp-json\/wp\/v2\/comments?post=321"}],"version-history":[{"count":7,"href":"https:\/\/hotel-americano.com.ar\/web\/wp-json\/wp\/v2\/pages\/321\/revisions"}],"predecessor-version":[{"id":803,"href":"https:\/\/hotel-americano.com.ar\/web\/wp-json\/wp\/v2\/pages\/321\/revisions\/803"}],"wp:attachment":[{"href":"https:\/\/hotel-americano.com.ar\/web\/wp-json\/wp\/v2\/media?parent=321"}],"curies":[{"name":"wp","href":"https:\/\/api.w.org\/{rel}","templated":true}]}}