{"id":807,"date":"2014-03-07T12:01:43","date_gmt":"2014-03-07T14:01:43","guid":{"rendered":"http:\/\/hotel-americano.com.ar\/web\/?page_id=807"},"modified":"2024-11-23T11:01:06","modified_gmt":"2024-11-23T14:01:06","slug":"home-2-2","status":"publish","type":"page","link":"https:\/\/hotel-americano.com.ar\/web\/","title":{"rendered":"Hotel Americano Pergamino"},"content":{"rendered":"<div class=\"wpb-content-wrapper\"><p>[vc_row][vc_column][vc_single_image image=\u00bb1104&#8243; img_size=\u00bb978 \u00d7 430&#8243; alignment=\u00bbcenter\u00bb style=\u00bbvc_box_shadow_3d\u00bb css=\u00bb\u00bb]<div class=\"ult-spacer spacer-69e221da3a3b6\" data-id=\"69e221da3a3b6\" data-height=\"25\" data-height-mobile=\"25\" data-height-tab=\"25\" data-height-tab-portrait=\"25\" data-height-mobile-landscape=\"25\" style=\"clear:both;display:block;\"><\/div>[\/vc_column][\/vc_row][vc_row][vc_column][vc_column_text css=\u00bb\u00bb]<\/p>\n<h1 style=\"text-align: center;\">HOTEL AMERICANO. PERGAMINO. BS.AS.<\/h1>\n<p>[\/vc_column_text][\/vc_column][\/vc_row][vc_row][vc_column][vc_column_text css=\u00bb\u00bb]<\/p>\n<h4 style=\"text-align: center;\">60 Habitaciones | Tv Color | Tel\u00e9fono DDI | Aire Acondicionado | Cocheras | Sal\u00f3n para Eventos | Bar Restauran<\/h4>\n<p>[\/vc_column_text][\/vc_column][\/vc_row][vc_row][vc_column width=\u00bb1\/3&#8243;][vc_column_text]<\/p>\n<h4><em>Bienvenidos a nuestro Hotel<\/em><\/h4>\n<div class=\"one-third dt_col\">\n<p>El Hotel Americano se encuentra estrat\u00e9gicamente situado en pleno centro de la ciudad de Pergamino. Brind\u00e1ndoles as\u00ed a nuestros hu\u00e9spedes la mejor ubicaci\u00f3n en\u00a0la ciudad. A tan solo una cuadra de la peatonal, a cinco cuadras del Palacio Municipal, de la Parroquia Nuestra Se\u00f1ora de la Merced y la Capilla Nuestra Se\u00f1ora del \u00a0Huerto, donde descansan los restos de la Beata Maria Crescencia Perez.<br \/>\nA solo pasos de la Avenida de Mayo, la principal Avenida de nuestra ciudad, cerca de todos<br \/>\nlos bares y restaurantes, a pocos metros del Shopping la Opini\u00f3n Plaza y del Bingo-Casino Pergamino<\/p>\n<\/div>\n<div class=\"one-third dt_col\"><\/div>\n<p>[\/vc_column_text][\/vc_column][vc_column width=\u00bb1\/3&#8243;][vc_column_text]<\/p>\n<h3><em>Nuestra Ciudad<\/em><\/h3>\n<p><strong>Ubicaci\u00f3n geogr\u00e1fica<\/strong><br \/>\nPergamino se encuentra al norte de la Provincia de Buenos Aires \u00a0y posee una superficie de 2950 km2.<br \/>\n<strong>Limita al:<\/strong><br \/>\nNorte: Partido de Constituci\u00f3n (Provincia de Santa Fe, y el Partido de San Nicol\u00e1s (Provincia de Buenos Aires).<br \/>\nAl Este con el Partido de Ramallo (Provincia de Buenos Aires), Partido de Arrecifes (Provincia de Buenos Aires).y el Partido de Salto (Provincia de Buenos Aires).<br \/>\nSur, Partido de Rojas (Provincia de Buenos Aires).,<br \/>\nOeste Partido de Col\u00f3n (Provincia de Buenos Aires).<\/p>\n<p>.[\/vc_column_text][\/vc_column][vc_column width=\u00bb1\/3&#8243;][vc_column_text]<iframe loading=\"lazy\" src=\"https:\/\/maps.google.com\/maps?f=q&amp;source=s_q&amp;hl=es&amp;geocode=&amp;q=Calle+Merced+418,+pergamino&amp;aq=&amp;sll=37.0625,-95.677068&amp;sspn=56.243791,135.263672&amp;ie=UTF8&amp;hq=Calle+Merced+418,+pergamino&amp;hnear=&amp;radius=15000&amp;t=m&amp;ll=-33.89279,-60.573463&amp;spn=0.032773,0.056477&amp;z=13&amp;iwloc=&amp;output=embed\" width=\"100%\" height=\"300\" frameborder=\"0\" marginwidth=\"0\" marginheight=\"0\" scrolling=\"no\"><\/iframe>[\/vc_column_text][\/vc_column][\/vc_row]<\/p>\n<\/div>","protected":false},"excerpt":{"rendered":"<p>[vc_row][vc_column][vc_single_image image=\u00bb1104&#8243; img_size=\u00bb978 \u00d7 430&#8243; alignment=\u00bbcenter\u00bb style=\u00bbvc_box_shadow_3d\u00bb css=\u00bb\u00bb][\/vc_column][\/vc_row][vc_row][vc_column][vc_column_text css=\u00bb\u00bb] HOTEL AMERICANO. PERGAMINO. BS.AS. [\/vc_column_text][\/vc_column][\/vc_row][vc_row][vc_column][vc_column_text css=\u00bb\u00bb] 60 Habitaciones | Tv Color [&hellip;]<\/p>\n","protected":false},"author":1,"featured_media":0,"parent":0,"menu_order":0,"comment_status":"closed","ping_status":"closed","template":"","meta":{"site-sidebar-layout":"no-sidebar","site-content-layout":"plain-container","ast-site-content-layout":"default","site-content-style":"default","site-sidebar-style":"default","ast-global-header-display":"","ast-banner-title-visibility":"","ast-main-header-display":"","ast-hfb-above-header-display":"","ast-hfb-below-header-display":"","ast-hfb-mobile-header-display":"","site-post-title":"disabled","ast-breadcrumbs-content":"","ast-featured-img":"disabled","footer-sml-layout":"","ast-disable-related-posts":"","theme-transparent-header-meta":"default","adv-header-id-meta":"","stick-header-meta":"","header-above-stick-meta":"","header-main-stick-meta":"","header-below-stick-meta":"","astra-migrate-meta-layouts":"set","ast-page-background-enabled":"default","ast-page-background-meta":{"desktop":{"background-color":"var(--ast-global-color-4)","background-image":"","background-repeat":"repeat","background-position":"center center","background-size":"auto","background-attachment":"scroll","background-type":"","background-media":"","overlay-type":"","overlay-color":"","overlay-opacity":"","overlay-gradient":""},"tablet":{"background-color":"","background-image":"","background-repeat":"repeat","background-position":"center center","background-size":"auto","background-attachment":"scroll","background-type":"","background-media":"","overlay-type":"","overlay-color":"","overlay-opacity":"","overlay-gradient":""},"mobile":{"background-color":"","background-image":"","background-repeat":"repeat","background-position":"center center","background-size":"auto","background-attachment":"scroll","background-type":"","background-media":"","overlay-type":"","overlay-color":"","overlay-opacity":"","overlay-gradient":""}},"ast-content-background-meta":{"desktop":{"background-color":"var(--ast-global-color-5)","background-image":"","background-repeat":"repeat","background-position":"center center","background-size":"auto","background-attachment":"scroll","background-type":"","background-media":"","overlay-type":"","overlay-color":"","overlay-opacity":"","overlay-gradient":""},"tablet":{"background-color":"var(--ast-global-color-5)","background-image":"","background-repeat":"repeat","background-position":"center center","background-size":"auto","background-attachment":"scroll","background-type":"","background-media":"","overlay-type":"","overlay-color":"","overlay-opacity":"","overlay-gradient":""},"mobile":{"background-color":"var(--ast-global-color-5)","background-image":"","background-repeat":"repeat","background-position":"center center","background-size":"auto","background-attachment":"scroll","background-type":"","background-media":"","overlay-type":"","overlay-color":"","overlay-opacity":"","overlay-gradient":""}},"_joinchat":[],"footnotes":""},"class_list":["post-807","page","type-page","status-publish","hentry"],"_links":{"self":[{"href":"https:\/\/hotel-americano.com.ar\/web\/wp-json\/wp\/v2\/pages\/807","targetHints":{"allow":["GET"]}}],"collection":[{"href":"https:\/\/hotel-americano.com.ar\/web\/wp-json\/wp\/v2\/pages"}],"about":[{"href":"https:\/\/hotel-americano.com.ar\/web\/wp-json\/wp\/v2\/types\/page"}],"author":[{"embeddable":true,"href":"https:\/\/hotel-americano.com.ar\/web\/wp-json\/wp\/v2\/users\/1"}],"replies":[{"embeddable":true,"href":"https:\/\/hotel-americano.com.ar\/web\/wp-json\/wp\/v2\/comments?post=807"}],"version-history":[{"count":21,"href":"https:\/\/hotel-americano.com.ar\/web\/wp-json\/wp\/v2\/pages\/807\/revisions"}],"predecessor-version":[{"id":1123,"href":"https:\/\/hotel-americano.com.ar\/web\/wp-json\/wp\/v2\/pages\/807\/revisions\/1123"}],"wp:attachment":[{"href":"https:\/\/hotel-americano.com.ar\/web\/wp-json\/wp\/v2\/media?parent=807"}],"curies":[{"name":"wp","href":"https:\/\/api.w.org\/{rel}","templated":true}]}}