{"id":921,"date":"2014-05-08T18:11:13","date_gmt":"2014-05-08T21:11:13","guid":{"rendered":"http:\/\/hotel-americano.com.ar\/web\/?page_id=921"},"modified":"2016-07-19T10:33:41","modified_gmt":"2016-07-19T13:33:41","slug":"restaurante-septimo-cielo-pergamino","status":"publish","type":"page","link":"https:\/\/hotel-americano.com.ar\/web\/restaurante-septimo-cielo-pergamino\/","title":{"rendered":"Restaurante S\u00e9ptimo Cielo, Pergamino"},"content":{"rendered":"<div class=\"wpb-content-wrapper\"><p>[vc_row][vc_column width=\u00bb1\/4&#8243;][vc_single_image image=\u00bb923&#8243; img_size=\u00bb350&#215;233&#8243;][\/vc_column][vc_column width=\u00bb3\/4&#8243;][vc_column_text]<\/p>\n<h4><\/h4>\n<h5>S\u00e9ptimo Cielo, un c\u00e1lido y acogedor restautant al servicio de los hu\u00e9spedes del Hotel Americano y de todos aquellos que deseen disfrutar una amplia carta de vinos y un men\u00fa internacional.<br \/>\nNuestro deseo es que los comensales disfruten de una experiencia \u00fanica cada vez que nos visten.<br \/>\nPor ello nos esforzamos d\u00eda a d\u00eda, para ofrecerles un excelente servicio y atenci\u00f3n personalizada.<\/h5>\n<p>[\/vc_column_text][\/vc_column][\/vc_row]<\/p>\n<\/div>","protected":false},"excerpt":{"rendered":"<p>[vc_row][vc_column width=\u00bb1\/4&#8243;][vc_single_image image=\u00bb923&#8243; img_size=\u00bb350&#215;233&#8243;][\/vc_column][vc_column width=\u00bb3\/4&#8243;][vc_column_text] S\u00e9ptimo Cielo, un c\u00e1lido y acogedor restautant al servicio de los hu\u00e9spedes del Hotel Americano [&hellip;]<\/p>\n","protected":false},"author":1,"featured_media":0,"parent":0,"menu_order":0,"comment_status":"closed","ping_status":"closed","template":"","meta":{"site-sidebar-layout":"no-sidebar","site-content-layout":"plain-container","ast-site-content-layout":"default","site-content-style":"default","site-sidebar-style":"default","ast-global-header-display":"","ast-banner-title-visibility":"","ast-main-header-display":"","ast-hfb-above-header-display":"","ast-hfb-below-header-display":"","ast-hfb-mobile-header-display":"","site-post-title":"disabled","ast-breadcrumbs-content":"","ast-featured-img":"disabled","footer-sml-layout":"","ast-disable-related-posts":"","theme-transparent-header-meta":"","adv-header-id-meta":"","stick-header-meta":"","header-above-stick-meta":"","header-main-stick-meta":"","header-below-stick-meta":"","astra-migrate-meta-layouts":"default","ast-page-background-enabled":"default","ast-page-background-meta":{"desktop":{"background-color":"var(--ast-global-color-4)","background-image":"","background-repeat":"repeat","background-position":"center center","background-size":"auto","background-attachment":"scroll","background-type":"","background-media":"","overlay-type":"","overlay-color":"","overlay-opacity":"","overlay-gradient":""},"tablet":{"background-color":"","background-image":"","background-repeat":"repeat","background-position":"center center","background-size":"auto","background-attachment":"scroll","background-type":"","background-media":"","overlay-type":"","overlay-color":"","overlay-opacity":"","overlay-gradient":""},"mobile":{"background-color":"","background-image":"","background-repeat":"repeat","background-position":"center center","background-size":"auto","background-attachment":"scroll","background-type":"","background-media":"","overlay-type":"","overlay-color":"","overlay-opacity":"","overlay-gradient":""}},"ast-content-background-meta":{"desktop":{"background-color":"var(--ast-global-color-5)","background-image":"","background-repeat":"repeat","background-position":"center center","background-size":"auto","background-attachment":"scroll","background-type":"","background-media":"","overlay-type":"","overlay-color":"","overlay-opacity":"","overlay-gradient":""},"tablet":{"background-color":"var(--ast-global-color-5)","background-image":"","background-repeat":"repeat","background-position":"center center","background-size":"auto","background-attachment":"scroll","background-type":"","background-media":"","overlay-type":"","overlay-color":"","overlay-opacity":"","overlay-gradient":""},"mobile":{"background-color":"var(--ast-global-color-5)","background-image":"","background-repeat":"repeat","background-position":"center center","background-size":"auto","background-attachment":"scroll","background-type":"","background-media":"","overlay-type":"","overlay-color":"","overlay-opacity":"","overlay-gradient":""}},"_joinchat":[],"footnotes":""},"class_list":["post-921","page","type-page","status-publish","hentry"],"_links":{"self":[{"href":"https:\/\/hotel-americano.com.ar\/web\/wp-json\/wp\/v2\/pages\/921","targetHints":{"allow":["GET"]}}],"collection":[{"href":"https:\/\/hotel-americano.com.ar\/web\/wp-json\/wp\/v2\/pages"}],"about":[{"href":"https:\/\/hotel-americano.com.ar\/web\/wp-json\/wp\/v2\/types\/page"}],"author":[{"embeddable":true,"href":"https:\/\/hotel-americano.com.ar\/web\/wp-json\/wp\/v2\/users\/1"}],"replies":[{"embeddable":true,"href":"https:\/\/hotel-americano.com.ar\/web\/wp-json\/wp\/v2\/comments?post=921"}],"version-history":[{"count":17,"href":"https:\/\/hotel-americano.com.ar\/web\/wp-json\/wp\/v2\/pages\/921\/revisions"}],"predecessor-version":[{"id":1054,"href":"https:\/\/hotel-americano.com.ar\/web\/wp-json\/wp\/v2\/pages\/921\/revisions\/1054"}],"wp:attachment":[{"href":"https:\/\/hotel-americano.com.ar\/web\/wp-json\/wp\/v2\/media?parent=921"}],"curies":[{"name":"wp","href":"https:\/\/api.w.org\/{rel}","templated":true}]}}